{"id":3633,"date":"2025-04-28T10:47:00","date_gmt":"2025-04-28T08:47:00","guid":{"rendered":"https:\/\/www.diorama.ch\/diorama\/?page_id=3633"},"modified":"2026-01-11T20:52:13","modified_gmt":"2026-01-11T19:52:13","slug":"das-diorama-in-den-medien","status":"publish","type":"page","link":"https:\/\/www.diorama.ch\/diorama\/das-diorama-in-den-medien\/","title":{"rendered":"Diorama in den Medien"},"content":{"rendered":"\t\t<div data-elementor-type=\"wp-page\" data-elementor-id=\"3633\" class=\"elementor elementor-3633\" data-elementor-post-type=\"page\">\n\t\t\t\t<div class=\"elementor-element elementor-element-453ad72 e-con-full elementor-hidden-mobile e-flex e-con e-parent\" data-id=\"453ad72\" data-element_type=\"container\" data-e-type=\"container\" data-settings=\"{&quot;background_background&quot;:&quot;classic&quot;}\">\n\t\t\t\t<\/div>\n\t\t<div class=\"elementor-element elementor-element-cb7e04a textblock e-flex e-con-boxed e-con e-parent\" data-id=\"cb7e04a\" data-element_type=\"container\" data-e-type=\"container\">\n\t\t\t\t\t<div class=\"e-con-inner\">\n\t\t\t\t<div class=\"elementor-element elementor-element-f092c8d elementor-widget elementor-widget-heading\" data-id=\"f092c8d\" data-element_type=\"widget\" data-e-type=\"widget\" data-widget_type=\"heading.default\">\n\t\t\t\t<div class=\"elementor-widget-container\">\n\t\t\t\t\t<h1 class=\"elementor-heading-title elementor-size-default\">Das Diorama in den Medien<\/h1>\t\t\t\t<\/div>\n\t\t\t\t<\/div>\n\t\t\t\t\t<\/div>\n\t\t\t\t<\/div>\n\t\t<div class=\"elementor-element elementor-element-4e91e15 e-flex e-con-boxed e-con e-parent\" data-id=\"4e91e15\" data-element_type=\"container\" data-e-type=\"container\">\n\t\t\t\t\t<div class=\"e-con-inner\">\n\t\t<div class=\"elementor-element elementor-element-0ec59e6 e-grid e-con-full e-con e-child\" data-id=\"0ec59e6\" data-element_type=\"container\" data-e-type=\"container\">\n\t\t\t\t<div class=\"elementor-element elementor-element-2e2b8d2 elementor-widget elementor-widget-text-editor\" data-id=\"2e2b8d2\" data-element_type=\"widget\" data-e-type=\"widget\" data-widget_type=\"text-editor.default\">\n\t\t\t\t<div class=\"elementor-widget-container\">\n\t\t\t\t\t\t\t\t\t<p><strong>Das DIORAMA in Einsiedeln erweckt die Weihnachtsgeschichte zum Leben<\/strong><\/p><p><a href=\"https:\/\/arttv.ch\/mehr\/das-diorama-in-einsiedeln-erweckt-die-weihnachtsgeschichte-zum-leben\/\" target=\"_blank\" rel=\"noopener\">arttv.ch kulturfernsehen im netz<\/a><\/p>\t\t\t\t\t\t\t\t<\/div>\n\t\t\t\t<\/div>\n\t\t\t\t<div class=\"elementor-element elementor-element-d835521 elementor-widget elementor-widget-text-editor\" data-id=\"d835521\" data-element_type=\"widget\" data-e-type=\"widget\" data-widget_type=\"text-editor.default\">\n\t\t\t\t<div class=\"elementor-widget-container\">\n\t\t\t\t\t\t\t\t\t<p><strong>Das Diorama strahlt in neuem Licht<\/strong><br \/>\u00a0<br \/><a href=\"https:\/\/www.diorama.ch\/diorama\/wp-content\/uploads\/2025\/05\/EinsiedlerAnzeiger_20241203-1.pdf\" target=\"_blank\" rel=\"noopener\">Bericht im Einsiedler Anzeiger<\/a><\/p><p>\u00a0<\/p>\t\t\t\t\t\t\t\t<\/div>\n\t\t\t\t<\/div>\n\t\t\t\t<div class=\"elementor-element elementor-element-b4ec432 elementor-widget elementor-widget-text-editor\" data-id=\"b4ec432\" data-element_type=\"widget\" data-e-type=\"widget\" data-widget_type=\"text-editor.default\">\n\t\t\t\t<div class=\"elementor-widget-container\">\n\t\t\t\t\t\t\t\t\t<p><strong>Bericht in der Tagesschau RSI<\/strong><\/p><p><a href=\"https:\/\/www.rsi.ch\/play\/tv\/telegiornale\/video\/il-presepe-di-einsiedeln?urn=urn:rsi:video:2455723&amp;showUrn=urn%3Arsi%3Ashow%3Atv%3A2455723\" target=\"_blank\" rel=\"noopener\">Beitrag vom 23. Dezember 2024<\/a><\/p>\t\t\t\t\t\t\t\t<\/div>\n\t\t\t\t<\/div>\n\t\t\t\t<div class=\"elementor-element elementor-element-bf5d7a6 elementor-widget elementor-widget-text-editor\" data-id=\"bf5d7a6\" data-element_type=\"widget\" data-e-type=\"widget\" data-widget_type=\"text-editor.default\">\n\t\t\t\t<div class=\"elementor-widget-container\">\n\t\t\t\t\t\t\t\t\t<p><strong>Zu ihrem 30-j\u00e4hrigen Jubil\u00e4um besuchten die Circus-, Schausteller- und Markth\u00e4ndler-Seelsorge das Diorama<\/strong><\/p><p><a href=\"https:\/\/www.diorama.ch\/diorama\/wp-content\/uploads\/2025\/04\/EinsiedlerAnzeiger_20250404_bearb.pdf\" target=\"_blank\" rel=\"noopener\">Bericht im Einsiedler Anzeiger<\/a><\/p><div><a href=\"https:\/\/www.kath.ch\/newsd\/wallfahrt-staerkt-das-miteinander-bunter-berufsgruppen\/\" target=\"_blank\" rel=\"noopener\">Bericht in kath.ch (online-Portal)<\/a><\/div>\t\t\t\t\t\t\t\t<\/div>\n\t\t\t\t<\/div>\n\t\t\t\t<div class=\"elementor-element elementor-element-8591a31 elementor-widget elementor-widget-text-editor\" data-id=\"8591a31\" data-element_type=\"widget\" data-e-type=\"widget\" data-widget_type=\"text-editor.default\">\n\t\t\t\t<div class=\"elementor-widget-container\">\n\t\t\t\t\t\t\t\t\t<p><b>Stilles Lauschen und Eintauchen in die biblische Weihnachts\u00adgeschichte.<\/b><br \/><br \/><br \/><a href=\"https:\/\/www.diorama.ch\/diorama\/wp-content\/uploads\/2026\/01\/08-09_51-52_SDP_Einsiedeln_GzD.pdf\" target=\"_blank\" rel=\"noopener\">Artikel im SONNTAG<br \/>Nr. 51-52\/2025<\/a><\/p>\t\t\t\t\t\t\t\t<\/div>\n\t\t\t\t<\/div>\n\t\t\t\t<\/div>\n\t\t\t\t\t<\/div>\n\t\t\t\t<\/div>\n\t\t<div class=\"elementor-element elementor-element-cfe3b76 e-flex e-con-boxed e-con e-parent\" data-id=\"cfe3b76\" data-element_type=\"container\" data-e-type=\"container\">\n\t\t\t\t\t<div class=\"e-con-inner\">\n\t\t\t\t<div class=\"elementor-element elementor-element-3570b0d elementor-widget elementor-widget-spacer\" data-id=\"3570b0d\" data-element_type=\"widget\" data-e-type=\"widget\" data-widget_type=\"spacer.default\">\n\t\t\t\t<div class=\"elementor-widget-container\">\n\t\t\t\t\t\t\t<div class=\"elementor-spacer\">\n\t\t\t<div class=\"elementor-spacer-inner\"><\/div>\n\t\t<\/div>\n\t\t\t\t\t\t<\/div>\n\t\t\t\t<\/div>\n\t\t\t\t\t<\/div>\n\t\t\t\t<\/div>\n\t\t\t\t<\/div>\n\t\t","protected":false},"excerpt":{"rendered":"<p>Das Diorama in den Medien Das DIORAMA in Einsiedeln erweckt die Weihnachtsgeschichte zum Leben arttv.ch kulturfernsehen im netz Das Diorama strahlt in neuem Licht\u00a0Bericht im Einsiedler Anzeiger \u00a0 Bericht in der Tagesschau RSI Beitrag vom 23. Dezember 2024 Zu ihrem 30-j\u00e4hrigen Jubil\u00e4um besuchten die Circus-, Schausteller- und Markth\u00e4ndler-Seelsorge das Diorama Bericht im Einsiedler Anzeiger Bericht [&hellip;]<\/p>\n","protected":false},"author":5,"featured_media":0,"parent":0,"menu_order":0,"comment_status":"closed","ping_status":"closed","template":"elementor_header_footer","meta":{"_price":"","_stock":"","_tribe_ticket_header":"","_tribe_default_ticket_provider":"","_tribe_ticket_capacity":"0","_ticket_start_date":"","_ticket_end_date":"","_tribe_ticket_show_description":"","_tribe_ticket_show_not_going":false,"_tribe_ticket_use_global_stock":"","_tribe_ticket_global_stock_level":"","_global_stock_mode":"","_global_stock_cap":"","_tribe_rsvp_for_event":"","_tribe_ticket_going_count":"","_tribe_ticket_not_going_count":"","_tribe_tickets_list":"[]","_tribe_ticket_has_attendee_info_fields":false,"footnotes":"","_tec_slr_enabled":"","_tec_slr_layout":""},"class_list":["post-3633","page","type-page","status-publish","hentry"],"ticketed":false,"_links":{"self":[{"href":"https:\/\/www.diorama.ch\/diorama\/wp-json\/wp\/v2\/pages\/3633","targetHints":{"allow":["GET"]}}],"collection":[{"href":"https:\/\/www.diorama.ch\/diorama\/wp-json\/wp\/v2\/pages"}],"about":[{"href":"https:\/\/www.diorama.ch\/diorama\/wp-json\/wp\/v2\/types\/page"}],"author":[{"embeddable":true,"href":"https:\/\/www.diorama.ch\/diorama\/wp-json\/wp\/v2\/users\/5"}],"replies":[{"embeddable":true,"href":"https:\/\/www.diorama.ch\/diorama\/wp-json\/wp\/v2\/comments?post=3633"}],"version-history":[{"count":59,"href":"https:\/\/www.diorama.ch\/diorama\/wp-json\/wp\/v2\/pages\/3633\/revisions"}],"predecessor-version":[{"id":4099,"href":"https:\/\/www.diorama.ch\/diorama\/wp-json\/wp\/v2\/pages\/3633\/revisions\/4099"}],"wp:attachment":[{"href":"https:\/\/www.diorama.ch\/diorama\/wp-json\/wp\/v2\/media?parent=3633"}],"curies":[{"name":"wp","href":"https:\/\/api.w.org\/{rel}","templated":true}]}}