{"id":2795,"date":"2024-09-23T17:56:37","date_gmt":"2024-09-23T15:56:37","guid":{"rendered":"https:\/\/www.diorama.ch\/diorama\/?page_id=2795"},"modified":"2024-12-23T16:46:06","modified_gmt":"2024-12-23T15:46:06","slug":"spenden","status":"publish","type":"page","link":"https:\/\/www.diorama.ch\/diorama\/spenden\/","title":{"rendered":"Spenden"},"content":{"rendered":"\t\t<div data-elementor-type=\"wp-page\" data-elementor-id=\"2795\" class=\"elementor elementor-2795\" data-elementor-post-type=\"page\">\n\t\t\t\t<div class=\"elementor-element elementor-element-a78c40e textblock e-flex e-con-boxed e-con e-parent\" data-id=\"a78c40e\" data-element_type=\"container\" data-e-type=\"container\">\n\t\t\t\t\t<div class=\"e-con-inner\">\n\t\t\t\t<div class=\"elementor-element elementor-element-6768990 elementor-widget elementor-widget-heading\" data-id=\"6768990\" data-element_type=\"widget\" data-e-type=\"widget\" data-widget_type=\"heading.default\">\n\t\t\t\t<div class=\"elementor-widget-container\">\n\t\t\t\t\t<h1 class=\"elementor-heading-title elementor-size-default\">Spenden und Sponsoring<\/h1>\t\t\t\t<\/div>\n\t\t\t\t<\/div>\n\t\t\t\t\t<\/div>\n\t\t\t\t<\/div>\n\t\t<div class=\"elementor-element elementor-element-c47c1a5 e-flex e-con-boxed e-con e-parent\" data-id=\"c47c1a5\" data-element_type=\"container\" data-e-type=\"container\">\n\t\t\t\t\t<div class=\"e-con-inner\">\n\t\t\t\t<div class=\"elementor-element elementor-element-4dc8fe0 elementor-widget elementor-widget-text-editor\" data-id=\"4dc8fe0\" data-element_type=\"widget\" data-e-type=\"widget\" data-widget_type=\"text-editor.default\">\n\t\t\t\t<div class=\"elementor-widget-container\">\n\t\t\t\t\t\t\t\t\t<p><strong>G\u00f6nner<\/strong><\/p><p>Als G\u00f6nnerin oder G\u00f6nner unterst\u00fctzen Sie die Stiftung in der Neuausrichtung und Weiterentwicklung.<\/p><p>\u00a0<\/p><p><strong>Spenden\u00a0<\/strong><\/p><p>Das Diorama Einsiedeln erh\u00e4lt keine \u00f6ffentlichen Gelder und ist deshalb auf Ihren Beitrag angewiesen.<\/p><p>\u00a0<\/p><p><strong>Wof\u00fcr verwenden wir Ihren Beitrag? <\/strong><\/p><ul><li>Unterhalt und fachgerechte Pflege des Krippendioramas und der Holzfiguren<\/li><li>Einbezug von Spezialisten im Bereich Weiterentwicklung des Angebots<\/li><li>Halten der g\u00fcnstigen Eintrittspreise, speziell f\u00fcr Schulen und Pfarreien<\/li><li>Pflege und Schulung unseres Teams von Freiwilligen<\/li><\/ul><p>\u00a0<\/p>\t\t\t\t\t\t\t\t<\/div>\n\t\t\t\t<\/div>\n\t\t\t\t<div class=\"elementor-element elementor-element-5f67e6c elementor-widget elementor-widget-html\" data-id=\"5f67e6c\" data-element_type=\"widget\" data-e-type=\"widget\" data-widget_type=\"html.default\">\n\t\t\t\t<div class=\"elementor-widget-container\">\n\t\t\t\t\t<iframe src=\"https:\/\/diorama-einsiedeln.payrexx.com\/de\/pay?cid=4018cf58&donation[preselect_amount]=20&hide_description=1&appview=1\" allow=\"payment *\" width=\"100%\" height=\"1700\" style=\"border:0;margin:0 !important;padding:0 !important;\"\" id=\"payrexx-embed\"><\/iframe>\t\t\t\t<\/div>\n\t\t\t\t<\/div>\n\t\t\t\t\t<\/div>\n\t\t\t\t<\/div>\n\t\t\t\t<\/div>\n\t\t","protected":false},"excerpt":{"rendered":"<p>Spenden und Sponsoring G\u00c3\u00b6nner Als G\u00c3\u00b6nnerin oder G\u00c3\u00b6nner unterst\u00c3\u00bctzen Sie die Stiftung in der Neuausrichtung und Weiterentwicklung. \u00c2\u00a0 Spenden\u00c2\u00a0 Das Diorama Einsiedeln erh\u00c3\u00a4lt keine \u00c3\u00b6ffentlichen Gelder und ist deshalb auf Ihren Beitrag angewiesen. \u00c2\u00a0 Wof\u00c3\u00bcr verwenden wir Ihren Beitrag? Unterhalt und fachgerechte Pflege des Krippendioramas und der Holzfiguren Einbezug von Spezialisten im Bereich Weiterentwicklung des [&hellip;]<\/p>\n","protected":false},"author":5,"featured_media":0,"parent":0,"menu_order":0,"comment_status":"closed","ping_status":"closed","template":"elementor_header_footer","meta":{"_price":"","_stock":"","_tribe_ticket_header":"","_tribe_default_ticket_provider":"","_tribe_ticket_capacity":"0","_ticket_start_date":"","_ticket_end_date":"","_tribe_ticket_show_description":"","_tribe_ticket_show_not_going":false,"_tribe_ticket_use_global_stock":"","_tribe_ticket_global_stock_level":"","_global_stock_mode":"","_global_stock_cap":"","_tribe_rsvp_for_event":"","_tribe_ticket_going_count":"","_tribe_ticket_not_going_count":"","_tribe_tickets_list":"[]","_tribe_ticket_has_attendee_info_fields":false,"footnotes":"","_tec_slr_enabled":"","_tec_slr_layout":""},"class_list":["post-2795","page","type-page","status-publish","hentry"],"ticketed":false,"_links":{"self":[{"href":"https:\/\/www.diorama.ch\/diorama\/wp-json\/wp\/v2\/pages\/2795","targetHints":{"allow":["GET"]}}],"collection":[{"href":"https:\/\/www.diorama.ch\/diorama\/wp-json\/wp\/v2\/pages"}],"about":[{"href":"https:\/\/www.diorama.ch\/diorama\/wp-json\/wp\/v2\/types\/page"}],"author":[{"embeddable":true,"href":"https:\/\/www.diorama.ch\/diorama\/wp-json\/wp\/v2\/users\/5"}],"replies":[{"embeddable":true,"href":"https:\/\/www.diorama.ch\/diorama\/wp-json\/wp\/v2\/comments?post=2795"}],"version-history":[{"count":40,"href":"https:\/\/www.diorama.ch\/diorama\/wp-json\/wp\/v2\/pages\/2795\/revisions"}],"predecessor-version":[{"id":3527,"href":"https:\/\/www.diorama.ch\/diorama\/wp-json\/wp\/v2\/pages\/2795\/revisions\/3527"}],"wp:attachment":[{"href":"https:\/\/www.diorama.ch\/diorama\/wp-json\/wp\/v2\/media?parent=2795"}],"curies":[{"name":"wp","href":"https:\/\/api.w.org\/{rel}","templated":true}]}}