{"id":2729,"date":"2024-09-23T16:45:49","date_gmt":"2024-09-23T14:45:49","guid":{"rendered":"https:\/\/www.diorama.ch\/diorama\/?page_id=2729"},"modified":"2025-11-03T16:54:31","modified_gmt":"2025-11-03T15:54:31","slug":"traegerschaft-gruendungsmitglieder","status":"publish","type":"page","link":"https:\/\/www.diorama.ch\/diorama\/traegerschaft-gruendungsmitglieder\/","title":{"rendered":"Tr\u00e4gerschaft und Gr\u00fcndungsmitglieder"},"content":{"rendered":"\t\t<div data-elementor-type=\"wp-page\" data-elementor-id=\"2729\" class=\"elementor elementor-2729\" data-elementor-post-type=\"page\">\n\t\t\t\t<div class=\"elementor-element elementor-element-43ad8af textblock e-flex e-con-boxed e-con e-parent\" data-id=\"43ad8af\" data-element_type=\"container\" data-e-type=\"container\" data-settings=\"{&quot;background_background&quot;:&quot;classic&quot;,&quot;animation&quot;:&quot;none&quot;}\">\n\t\t\t\t\t<div class=\"e-con-inner\">\n\t\t\t\t<div class=\"elementor-element elementor-element-c2525ae elementor-widget elementor-widget-heading\" data-id=\"c2525ae\" data-element_type=\"widget\" data-e-type=\"widget\" data-widget_type=\"heading.default\">\n\t\t\t\t<div class=\"elementor-widget-container\">\n\t\t\t\t\t<h1 class=\"elementor-heading-title elementor-size-default\">\u00dcber uns<\/h1>\t\t\t\t<\/div>\n\t\t\t\t<\/div>\n\t\t\t\t\t<\/div>\n\t\t\t\t<\/div>\n\t\t<div class=\"elementor-element elementor-element-ad469df textblock e-flex e-con-boxed e-con e-parent\" data-id=\"ad469df\" data-element_type=\"container\" data-e-type=\"container\">\n\t\t\t\t\t<div class=\"e-con-inner\">\n\t\t\t\t<div class=\"elementor-element elementor-element-ff0b9d3 elementor-widget elementor-widget-heading\" data-id=\"ff0b9d3\" data-element_type=\"widget\" data-e-type=\"widget\" data-widget_type=\"heading.default\">\n\t\t\t\t<div class=\"elementor-widget-container\">\n\t\t\t\t\t<h2 class=\"elementor-heading-title elementor-size-default\">Die Tr\u00e4gerschaft\n<\/h2>\t\t\t\t<\/div>\n\t\t\t\t<\/div>\n\t\t\t\t<div class=\"elementor-element elementor-element-e285896 elementor-widget elementor-widget-text-editor\" data-id=\"e285896\" data-element_type=\"widget\" data-e-type=\"widget\" data-widget_type=\"text-editor.default\">\n\t\t\t\t<div class=\"elementor-widget-container\">\n\t\t\t\t\t\t\t\t\t<p>Das DIORAMA Einsiedeln wurde im Jahre 1953 als\u00a0<span style=\"font-family: var( --e-global-typography-text-font-family ), Sans-serif; font-size: var( --e-global-typography-text-font-size ); font-weight: var( --e-global-typography-text-font-weight ); text-align: var(--text-align);\">\u00ab<\/span><span style=\"font-family: var( --e-global-typography-text-font-family ), Sans-serif; font-size: var( --e-global-typography-text-font-size ); font-weight: var( --e-global-typography-text-font-weight ); text-align: var(--text-align);\">Neues Diorama Bethlehem<\/span><span style=\"font-family: var( --e-global-typography-text-font-family ), Sans-serif; font-size: var( --e-global-typography-text-font-size ); font-weight: var( --e-global-typography-text-font-weight ); text-align: var(--text-align);\">\u00bb<\/span><span style=\"font-family: var( --e-global-typography-text-font-family ), Sans-serif; font-size: var( --e-global-typography-text-font-size ); font-weight: var( --e-global-typography-text-font-weight ); text-align: var(--text-align);\">\u00a0von Karl Eberle gegr\u00fcndet. Als Aktion\u00e4re beteiligten sich Bruder Josef Eberle sowie Schwager Albert Birchler. Mitte der 1980er-Jahre \u00fcbernahm der dritte Bruder Adelrich Eberle das gesamte Aktienkapital. 2005 errichteten Dr. Adelrich Eberle und seine Frau Beatrice Eberle-Scherer die\u00a0<\/span>\u00abDIORAMA Bethlehem Stiftung\u00bb<span style=\"font-family: var( --e-global-typography-text-font-family ), Sans-serif; font-size: var( --e-global-typography-text-font-size ); font-weight: var( --e-global-typography-text-font-weight ); text-align: var(--text-align);\">. Die Stiftung ist die heutige Tr\u00e4gerschaft des Museums.<\/span><\/p>\t\t\t\t\t\t\t\t<\/div>\n\t\t\t\t<\/div>\n\t\t\t\t<div class=\"elementor-element elementor-element-84dfd89 elementor-widget elementor-widget-heading\" data-id=\"84dfd89\" data-element_type=\"widget\" data-e-type=\"widget\" data-widget_type=\"heading.default\">\n\t\t\t\t<div class=\"elementor-widget-container\">\n\t\t\t\t\t<h2 class=\"elementor-heading-title elementor-size-default\">Gr\u00fcndungsmitglieder<\/h2>\t\t\t\t<\/div>\n\t\t\t\t<\/div>\n\t\t<div class=\"elementor-element elementor-element-769fa20 e-con-full e-flex e-con e-child\" data-id=\"769fa20\" data-element_type=\"container\" data-e-type=\"container\">\n\t\t\t\t<div class=\"elementor-element elementor-element-f98b2c1 elementor-widget-tablet__width-initial elementor-widget__width-initial elementor-position-top elementor-widget elementor-widget-image-box\" data-id=\"f98b2c1\" data-element_type=\"widget\" data-e-type=\"widget\" data-widget_type=\"image-box.default\">\n\t\t\t\t<div class=\"elementor-widget-container\">\n\t\t\t\t\t<div class=\"elementor-image-box-wrapper\"><figure class=\"elementor-image-box-img\"><img decoding=\"async\" src=\"https:\/\/www.diorama.ch\/diorama\/wp-content\/uploads\/elementor\/thumbs\/Scan697-rep0m5uyophgu5n0y4yhpc4wruuu14wd1erf57daei.jpg\" title=\"Scan697\" alt=\"Scan697\" loading=\"lazy\" \/><\/figure><div class=\"elementor-image-box-content\"><h4 class=\"elementor-image-box-title\">Karl Eberle<\/h4><p class=\"elementor-image-box-description\">Gr\u00fcnder<\/p><\/div><\/div>\t\t\t\t<\/div>\n\t\t\t\t<\/div>\n\t\t\t\t<div class=\"elementor-element elementor-element-8df83eb elementor-widget-tablet__width-initial elementor-widget__width-initial elementor-position-top elementor-widget elementor-widget-image-box\" data-id=\"8df83eb\" data-element_type=\"widget\" data-e-type=\"widget\" data-widget_type=\"image-box.default\">\n\t\t\t\t<div class=\"elementor-widget-container\">\n\t\t\t\t\t<div class=\"elementor-image-box-wrapper\"><figure class=\"elementor-image-box-img\"><img decoding=\"async\" src=\"https:\/\/www.diorama.ch\/diorama\/wp-content\/uploads\/elementor\/thumbs\/Scan696-rep0m4x4hvg6ijoe3mjv4udg6gzgtfsmpa3xnxeokq.jpg\" title=\"Scan696\" alt=\"Scan696\" loading=\"lazy\" \/><\/figure><div class=\"elementor-image-box-content\"><h4 class=\"elementor-image-box-title\">Josef Eberle<\/h4><p class=\"elementor-image-box-description\">Gr\u00fcnder<\/p><\/div><\/div>\t\t\t\t<\/div>\n\t\t\t\t<\/div>\n\t\t\t\t<div class=\"elementor-element elementor-element-de0b4c4 elementor-widget-tablet__width-initial elementor-widget__width-initial elementor-position-top elementor-widget elementor-widget-image-box\" data-id=\"de0b4c4\" data-element_type=\"widget\" data-e-type=\"widget\" data-widget_type=\"image-box.default\">\n\t\t\t\t<div class=\"elementor-widget-container\">\n\t\t\t\t\t<div class=\"elementor-image-box-wrapper\"><figure class=\"elementor-image-box-img\"><img decoding=\"async\" src=\"https:\/\/www.diorama.ch\/diorama\/wp-content\/uploads\/elementor\/thumbs\/Scan695-rep0m4x4hvg6ijoe3mjv4udg6gzgtfsmpa3xnxeokq.jpg\" title=\"Scan695\" alt=\"Scan695\" loading=\"lazy\" \/><\/figure><div class=\"elementor-image-box-content\"><h4 class=\"elementor-image-box-title\">Albert Birchler<\/h4><p class=\"elementor-image-box-description\">Gr\u00fcnder<\/p><\/div><\/div>\t\t\t\t<\/div>\n\t\t\t\t<\/div>\n\t\t\t\t<\/div>\n\t\t\t\t<div class=\"elementor-element elementor-element-992a2a2 elementor-widget elementor-widget-heading\" data-id=\"992a2a2\" data-element_type=\"widget\" data-e-type=\"widget\" data-widget_type=\"heading.default\">\n\t\t\t\t<div class=\"elementor-widget-container\">\n\t\t\t\t\t<h2 class=\"elementor-heading-title elementor-size-default\">Stifter<\/h2>\t\t\t\t<\/div>\n\t\t\t\t<\/div>\n\t\t<div class=\"elementor-element elementor-element-ab5d1f0 e-con-full e-flex e-con e-child\" data-id=\"ab5d1f0\" data-element_type=\"container\" data-e-type=\"container\">\n\t\t\t\t<div class=\"elementor-element elementor-element-1875287 elementor-widget-tablet__width-initial elementor-widget-mobile__width-inherit elementor-widget__width-initial elementor-position-top elementor-widget elementor-widget-image-box\" data-id=\"1875287\" data-element_type=\"widget\" data-e-type=\"widget\" data-widget_type=\"image-box.default\">\n\t\t\t\t<div class=\"elementor-widget-container\">\n\t\t\t\t\t<div class=\"elementor-image-box-wrapper\"><figure class=\"elementor-image-box-img\"><img fetchpriority=\"high\" decoding=\"async\" width=\"768\" height=\"576\" src=\"https:\/\/www.diorama.ch\/diorama\/wp-content\/uploads\/2023\/10\/stifters-768x576.jpg\" class=\"attachment-medium_large size-medium_large wp-image-593\" alt=\"\" srcset=\"https:\/\/www.diorama.ch\/diorama\/wp-content\/uploads\/2023\/10\/stifters-768x576.jpg 768w, https:\/\/www.diorama.ch\/diorama\/wp-content\/uploads\/2023\/10\/stifters-300x225.jpg 300w, https:\/\/www.diorama.ch\/diorama\/wp-content\/uploads\/2023\/10\/stifters-1024x768.jpg 1024w, https:\/\/www.diorama.ch\/diorama\/wp-content\/uploads\/2023\/10\/stifters-1536x1152.jpg 1536w, https:\/\/www.diorama.ch\/diorama\/wp-content\/uploads\/2023\/10\/stifters-2048x1536.jpg 2048w, https:\/\/www.diorama.ch\/diorama\/wp-content\/uploads\/2023\/10\/stifters-600x450.jpg 600w\" sizes=\"(max-width: 768px) 100vw, 768px\" \/><\/figure><div class=\"elementor-image-box-content\"><h4 class=\"elementor-image-box-title\">Dr. Adelrich &amp; Beatrice Eberle-Scherer<\/h4><\/div><\/div>\t\t\t\t<\/div>\n\t\t\t\t<\/div>\n\t\t\t\t<\/div>\n\t\t\t\t\t<\/div>\n\t\t\t\t<\/div>\n\t\t\t\t<\/div>\n\t\t","protected":false},"excerpt":{"rendered":"<p>\u00dcber uns Die Tr\u00e4gerschaft Das DIORAMA Einsiedeln wurde im Jahre 1953 als\u00a0\u00abNeues Diorama Bethlehem\u00bb\u00a0von Karl Eberle gegr\u00fcndet. Als Aktion\u00e4re beteiligten sich Bruder Josef Eberle sowie Schwager Albert Birchler. Mitte der 1980er-Jahre \u00fcbernahm der dritte Bruder Adelrich Eberle das gesamte Aktienkapital. 2005 errichteten Dr. Adelrich Eberle und seine Frau Beatrice Eberle-Scherer die\u00a0\u00abDIORAMA Bethlehem Stiftung\u00bb. Die Stiftung [&hellip;]<\/p>\n","protected":false},"author":5,"featured_media":0,"parent":0,"menu_order":0,"comment_status":"closed","ping_status":"closed","template":"elementor_header_footer","meta":{"_price":"","_stock":"","_tribe_ticket_header":"","_tribe_default_ticket_provider":"","_tribe_ticket_capacity":"0","_ticket_start_date":"","_ticket_end_date":"","_tribe_ticket_show_description":"","_tribe_ticket_show_not_going":false,"_tribe_ticket_use_global_stock":"","_tribe_ticket_global_stock_level":"","_global_stock_mode":"","_global_stock_cap":"","_tribe_rsvp_for_event":"","_tribe_ticket_going_count":"","_tribe_ticket_not_going_count":"","_tribe_tickets_list":"[]","_tribe_ticket_has_attendee_info_fields":false,"footnotes":"","_tec_slr_enabled":"","_tec_slr_layout":""},"class_list":["post-2729","page","type-page","status-publish","hentry"],"ticketed":false,"_links":{"self":[{"href":"https:\/\/www.diorama.ch\/diorama\/wp-json\/wp\/v2\/pages\/2729","targetHints":{"allow":["GET"]}}],"collection":[{"href":"https:\/\/www.diorama.ch\/diorama\/wp-json\/wp\/v2\/pages"}],"about":[{"href":"https:\/\/www.diorama.ch\/diorama\/wp-json\/wp\/v2\/types\/page"}],"author":[{"embeddable":true,"href":"https:\/\/www.diorama.ch\/diorama\/wp-json\/wp\/v2\/users\/5"}],"replies":[{"embeddable":true,"href":"https:\/\/www.diorama.ch\/diorama\/wp-json\/wp\/v2\/comments?post=2729"}],"version-history":[{"count":43,"href":"https:\/\/www.diorama.ch\/diorama\/wp-json\/wp\/v2\/pages\/2729\/revisions"}],"predecessor-version":[{"id":3845,"href":"https:\/\/www.diorama.ch\/diorama\/wp-json\/wp\/v2\/pages\/2729\/revisions\/3845"}],"wp:attachment":[{"href":"https:\/\/www.diorama.ch\/diorama\/wp-json\/wp\/v2\/media?parent=2729"}],"curies":[{"name":"wp","href":"https:\/\/api.w.org\/{rel}","templated":true}]}}